{"id":910,"date":"2015-12-03T22:00:03","date_gmt":"2015-12-03T21:00:03","guid":{"rendered":"http:\/\/chateauduclairdelune.bluelogic.fr\/en\/restaurants-bar\/"},"modified":"2024-02-07T14:10:44","modified_gmt":"2024-02-07T13:10:44","slug":"restaurants-bar","status":"publish","type":"page","link":"https:\/\/www.hotelclairlune.fr\/en\/restaurants-bar\/","title":{"rendered":"Restaurants &#038; bar"},"content":{"rendered":"\t\t<div data-elementor-type=\"wp-page\" data-elementor-id=\"910\" class=\"elementor elementor-910 elementor-78\" data-elementor-settings=\"[]\">\n\t\t\t\t\t\t\t<div class=\"elementor-section-wrap\">\n\t\t\t\t\t\t\t<section class=\"elementor-section elementor-top-section elementor-element elementor-element-7ae4f38e elementor-section-stretched elementor-section-boxed elementor-section-height-default elementor-section-height-default\" data-id=\"7ae4f38e\" data-element_type=\"section\" data-settings=\"{&quot;stretch_section&quot;:&quot;section-stretched&quot;,&quot;background_background&quot;:&quot;classic&quot;}\">\n\t\t\t\t\t\t<div class=\"elementor-container elementor-column-gap-default\">\n\t\t\t\t\t<div class=\"elementor-column elementor-col-50 elementor-top-column elementor-element elementor-element-749a11a2\" data-id=\"749a11a2\" data-element_type=\"column\" data-settings=\"{&quot;background_background&quot;:&quot;classic&quot;}\">\n\t\t\t<div class=\"elementor-widget-wrap elementor-element-populated\">\n\t\t\t\t\t\t\t\t<div class=\"elementor-element elementor-element-2b69d09 elementor-widget elementor-widget-heading\" data-id=\"2b69d09\" data-element_type=\"widget\" data-widget_type=\"heading.default\">\n\t\t\t\t<div class=\"elementor-widget-container\">\n\t\t\t<h2 class=\"elementor-heading-title elementor-size-default\">Restaurant \u2013 MARIUS <\/h2>\t\t<\/div>\n\t\t\t\t<\/div>\n\t\t\t\t<div class=\"elementor-element elementor-element-2071da3 elementor-widget-divider--view-line elementor-widget elementor-widget-divider\" data-id=\"2071da3\" data-element_type=\"widget\" data-widget_type=\"divider.default\">\n\t\t\t\t<div class=\"elementor-widget-container\">\n\t\t\t\t\t<div class=\"elementor-divider\">\n\t\t\t<span class=\"elementor-divider-separator\">\n\t\t\t\t\t\t<\/span>\n\t\t<\/div>\n\t\t\t\t<\/div>\n\t\t\t\t<\/div>\n\t\t\t\t<div class=\"elementor-element elementor-element-624e2629 elementor-widget elementor-widget-text-editor\" data-id=\"624e2629\" data-element_type=\"widget\" data-widget_type=\"text-editor.default\">\n\t\t\t\t<div class=\"elementor-widget-container\">\n\t\t\t\t\t\t\t\t<p>Located in a beautiful 18th century Basque farmhouse, this restaurant offer you an authentic moment &#8220;like at home&#8221; in the heart of a privileged panorama.<br \/>Overlooked by the beauty of an exceptional landscape and the Pyrenees mountain range, discover a unique natural setting where the fauna and flora are preserved. One of the most beautiful views in Biarritz. An open kitchen and a wine cellar open to all lovers of good wines, this bistrot high end restaurant has an atypical setting made up of raw materials which reinforce the authenticity of the place. The restaurant is independant but located on the estate of the hotel.<\/p><p>Open from Thursday to Monday, lunch and dinner.\u00a0<\/p><p>We can take reservation from you or you can call directly +33 5 59 41 10 11<\/p><p><a href=\"http:\/\/www.marius-biarritz.com\" target=\"_blank\" rel=\"noopener\">Website Marius<\/a><\/p>\t\t\t\t\t\t<\/div>\n\t\t\t\t<\/div>\n\t\t\t\t\t<\/div>\n\t\t<\/div>\n\t\t\t\t<div class=\"elementor-column elementor-col-50 elementor-top-column elementor-element elementor-element-6201d2c3\" data-id=\"6201d2c3\" data-element_type=\"column\" data-settings=\"{&quot;background_background&quot;:&quot;classic&quot;}\">\n\t\t\t<div class=\"elementor-widget-wrap elementor-element-populated\">\n\t\t\t\t\t\t\t\t<div class=\"elementor-element elementor-element-6843fe72 elementor-widget elementor-widget-image\" data-id=\"6843fe72\" data-element_type=\"widget\" data-widget_type=\"image.default\">\n\t\t\t\t<div class=\"elementor-widget-container\">\n\t\t\t\t\t\t\t\t\t\t\t\t\t\t\t<img width=\"683\" height=\"1024\" src=\"https:\/\/www.hotelclairlune.fr\/wp-content\/uploads\/2019\/06\/TERRASSE-\u00a9364communication-683x1024.jpg\" class=\"attachment-large size-large\" alt=\"\" loading=\"lazy\" srcset=\"https:\/\/www.hotelclairlune.fr\/wp-content\/uploads\/2019\/06\/TERRASSE-\u00a9364communication-683x1024.jpg 683w, https:\/\/www.hotelclairlune.fr\/wp-content\/uploads\/2019\/06\/TERRASSE-\u00a9364communication-200x300.jpg 200w, https:\/\/www.hotelclairlune.fr\/wp-content\/uploads\/2019\/06\/TERRASSE-\u00a9364communication-768x1152.jpg 768w, https:\/\/www.hotelclairlune.fr\/wp-content\/uploads\/2019\/06\/TERRASSE-\u00a9364communication.jpg 1450w\" sizes=\"(max-width: 683px) 100vw, 683px\" \/>\t\t\t\t\t\t\t\t\t\t\t\t\t\t\t<\/div>\n\t\t\t\t<\/div>\n\t\t\t\t\t<\/div>\n\t\t<\/div>\n\t\t\t\t\t\t\t<\/div>\n\t\t<\/section>\n\t\t\t\t<section class=\"elementor-section elementor-top-section elementor-element elementor-element-48bec522 elementor-section-stretched elementor-section-boxed elementor-section-height-default elementor-section-height-default\" data-id=\"48bec522\" data-element_type=\"section\" data-settings=\"{&quot;stretch_section&quot;:&quot;section-stretched&quot;,&quot;background_background&quot;:&quot;classic&quot;}\">\n\t\t\t\t\t\t<div class=\"elementor-container elementor-column-gap-default\">\n\t\t\t\t\t<div class=\"elementor-column elementor-col-50 elementor-top-column elementor-element elementor-element-11e001c9\" data-id=\"11e001c9\" data-element_type=\"column\" data-settings=\"{&quot;background_background&quot;:&quot;classic&quot;}\">\n\t\t\t<div class=\"elementor-widget-wrap elementor-element-populated\">\n\t\t\t\t\t\t\t\t<div class=\"elementor-element elementor-element-5921b363 elementor-widget elementor-widget-image\" data-id=\"5921b363\" data-element_type=\"widget\" data-widget_type=\"image.default\">\n\t\t\t\t<div class=\"elementor-widget-container\">\n\t\t\t\t\t\t\t\t\t\t\t\t\t\t\t<img width=\"960\" height=\"720\" src=\"https:\/\/www.hotelclairlune.fr\/wp-content\/uploads\/2021\/11\/DJI_0007-1024x768.jpg\" class=\"attachment-large size-large\" alt=\"\" loading=\"lazy\" srcset=\"https:\/\/www.hotelclairlune.fr\/wp-content\/uploads\/2021\/11\/DJI_0007-1024x768.jpg 1024w, https:\/\/www.hotelclairlune.fr\/wp-content\/uploads\/2021\/11\/DJI_0007-300x225.jpg 300w, https:\/\/www.hotelclairlune.fr\/wp-content\/uploads\/2021\/11\/DJI_0007-768x576.jpg 768w, https:\/\/www.hotelclairlune.fr\/wp-content\/uploads\/2021\/11\/DJI_0007-1536x1152.jpg 1536w, https:\/\/www.hotelclairlune.fr\/wp-content\/uploads\/2021\/11\/DJI_0007-2048x1536.jpg 2048w, https:\/\/www.hotelclairlune.fr\/wp-content\/uploads\/2021\/11\/DJI_0007-400x300.jpg 400w\" sizes=\"(max-width: 960px) 100vw, 960px\" \/>\t\t\t\t\t\t\t\t\t\t\t\t\t\t\t<\/div>\n\t\t\t\t<\/div>\n\t\t\t\t\t<\/div>\n\t\t<\/div>\n\t\t\t\t<div class=\"elementor-column elementor-col-50 elementor-top-column elementor-element elementor-element-6c69175d\" data-id=\"6c69175d\" data-element_type=\"column\" data-settings=\"{&quot;background_background&quot;:&quot;classic&quot;}\">\n\t\t\t<div class=\"elementor-widget-wrap elementor-element-populated\">\n\t\t\t\t\t\t\t\t<div class=\"elementor-element elementor-element-31daec65 elementor-widget elementor-widget-heading\" data-id=\"31daec65\" data-element_type=\"widget\" data-widget_type=\"heading.default\">\n\t\t\t\t<div class=\"elementor-widget-container\">\n\t\t\t<h2 class=\"elementor-heading-title elementor-size-default\">C\u00f4t\u00e9 Terre Snack Bar<\/h2>\t\t<\/div>\n\t\t\t\t<\/div>\n\t\t\t\t<div class=\"elementor-element elementor-element-634ba1e6 elementor-widget-divider--view-line elementor-widget elementor-widget-divider\" data-id=\"634ba1e6\" data-element_type=\"widget\" data-widget_type=\"divider.default\">\n\t\t\t\t<div class=\"elementor-widget-container\">\n\t\t\t\t\t<div class=\"elementor-divider\">\n\t\t\t<span class=\"elementor-divider-separator\">\n\t\t\t\t\t\t<\/span>\n\t\t<\/div>\n\t\t\t\t<\/div>\n\t\t\t\t<\/div>\n\t\t\t\t<div class=\"elementor-element elementor-element-3be26bdd elementor-widget elementor-widget-text-editor\" data-id=\"3be26bdd\" data-element_type=\"widget\" data-widget_type=\"text-editor.default\">\n\t\t\t\t<div class=\"elementor-widget-container\">\n\t\t\t\t\t\t\t\t<p>Our snack pool bar &#8220;C\u00f4t\u00e9 Terre&#8221; is only open during \u00ab July and August. It offers you dishes such as salads, local products and sandwiches, what exactly you are looking for while spending your day by the pool. Drink service is available all day from 10AM to 7PM. Lunch service from noon to 230PM<\/p>\t\t\t\t\t\t<\/div>\n\t\t\t\t<\/div>\n\t\t\t\t\t<\/div>\n\t\t<\/div>\n\t\t\t\t\t\t\t<\/div>\n\t\t<\/section>\n\t\t\t\t<section class=\"elementor-section elementor-top-section elementor-element elementor-element-24d04db5 elementor-section-stretched elementor-section-boxed elementor-section-height-default elementor-section-height-default\" data-id=\"24d04db5\" data-element_type=\"section\" data-settings=\"{&quot;stretch_section&quot;:&quot;section-stretched&quot;,&quot;background_background&quot;:&quot;classic&quot;}\">\n\t\t\t\t\t\t<div class=\"elementor-container elementor-column-gap-default\">\n\t\t\t\t\t<div class=\"elementor-column elementor-col-50 elementor-top-column elementor-element elementor-element-4ef4bffd\" data-id=\"4ef4bffd\" data-element_type=\"column\" data-settings=\"{&quot;background_background&quot;:&quot;classic&quot;}\">\n\t\t\t<div class=\"elementor-widget-wrap elementor-element-populated\">\n\t\t\t\t\t\t\t\t<div class=\"elementor-element elementor-element-325375ce elementor-widget elementor-widget-heading\" data-id=\"325375ce\" data-element_type=\"widget\" data-widget_type=\"heading.default\">\n\t\t\t\t<div class=\"elementor-widget-container\">\n\t\t\t<h2 class=\"elementor-heading-title elementor-size-default\">Bar Alan Seeger<\/h2>\t\t<\/div>\n\t\t\t\t<\/div>\n\t\t\t\t<div class=\"elementor-element elementor-element-b3ce329 elementor-widget-divider--view-line elementor-widget elementor-widget-divider\" data-id=\"b3ce329\" data-element_type=\"widget\" data-widget_type=\"divider.default\">\n\t\t\t\t<div class=\"elementor-widget-container\">\n\t\t\t\t\t<div class=\"elementor-divider\">\n\t\t\t<span class=\"elementor-divider-separator\">\n\t\t\t\t\t\t<\/span>\n\t\t<\/div>\n\t\t\t\t<\/div>\n\t\t\t\t<\/div>\n\t\t\t\t<div class=\"elementor-element elementor-element-22626101 elementor-widget elementor-widget-text-editor\" data-id=\"22626101\" data-element_type=\"widget\" data-widget_type=\"text-editor.default\">\n\t\t\t\t<div class=\"elementor-widget-container\">\n\t\t\t\t\t\t\t\t<p>Le salon \u00ab Alan Seeger \u00bb est la pi\u00e8ce maitresse de l\u2019h\u00f4tel. Un espace de d\u00e9tente pour lire, d\u00e9guster un cocktail, jouer du piano ou tout simplement r\u00eaver et se laisser aller&#8230; Notre \u00e9quipe vous propose une carte de boissons \u00ab soft \u00bb, vins, champagnes et cocktails s\u00e9lectionn\u00e9s par le propri\u00e9taire des lieux. Une offre \u00ab snack-bistrot \u00bb vous est propos\u00e9e pour accompagner vos ap\u00e9ritifs : p\u00e2t\u00e9 basque artisanal, olive farci au jambon Serrano, foie gras, assiette de jambon espagnol Ib\u00e9rique, camembert r\u00f4ti&#8230; Ou \u00e9galement une petite carte bistrot: parmentier de canard, ravioli aux c\u00e8pes, poulet basquaise, plateau de fruits de mer, assiette de fromage,&#8230; Possibilit\u00e9 de restauration de 19h \u00e0 21h30 (derni\u00e8re commande)<\/p>\t\t\t\t\t\t<\/div>\n\t\t\t\t<\/div>\n\t\t\t\t\t<\/div>\n\t\t<\/div>\n\t\t\t\t<div class=\"elementor-column elementor-col-50 elementor-top-column elementor-element elementor-element-26b6b2dc\" data-id=\"26b6b2dc\" data-element_type=\"column\" data-settings=\"{&quot;background_background&quot;:&quot;classic&quot;}\">\n\t\t\t<div class=\"elementor-widget-wrap elementor-element-populated\">\n\t\t\t\t\t\t\t\t<div class=\"elementor-element elementor-element-1a76791e elementor-widget elementor-widget-image\" data-id=\"1a76791e\" data-element_type=\"widget\" data-widget_type=\"image.default\">\n\t\t\t\t<div class=\"elementor-widget-container\">\n\t\t\t\t\t\t\t\t\t\t\t\t\t\t\t<img src=\"https:\/\/new.hotelclairlune.fr\/wp-content\/uploads\/2021\/05\/page_restaurant_bar.png\" title=\"\" alt=\"\" \/>\t\t\t\t\t\t\t\t\t\t\t\t\t\t\t<\/div>\n\t\t\t\t<\/div>\n\t\t\t\t\t<\/div>\n\t\t<\/div>\n\t\t\t\t\t\t\t<\/div>\n\t\t<\/section>\n\t\t\t\t\t\t<\/div>\n\t\t\t\t\t<\/div>\n\t\t","protected":false},"excerpt":{"rendered":"<p>Restaurant \u2013 MARIUS Located in a beautiful 18th century Basque farmhouse, this restaurant offer you an authentic moment &#8220;like at home&#8221; in the heart of a privileged panorama.Overlooked by the beauty of an exceptional landscape and the Pyrenees mountain range, discover a unique natural setting where the fauna and flora are preserved. One of the&#8230; <\/p>\n<div class=\"clear\"><\/div>\n<p><a href=\"https:\/\/www.hotelclairlune.fr\/en\/restaurants-bar\/\" class=\"excerpt-read-more\">Continue Reading<i class=\"fa fa-long-arrow-right icon-long-arrow-right\"><\/i><\/a><\/p>\n","protected":false},"author":1,"featured_media":0,"parent":0,"menu_order":0,"comment_status":"closed","ping_status":"closed","template":"","meta":[],"_links":{"self":[{"href":"https:\/\/www.hotelclairlune.fr\/en\/wp-json\/wp\/v2\/pages\/910"}],"collection":[{"href":"https:\/\/www.hotelclairlune.fr\/en\/wp-json\/wp\/v2\/pages"}],"about":[{"href":"https:\/\/www.hotelclairlune.fr\/en\/wp-json\/wp\/v2\/types\/page"}],"author":[{"embeddable":true,"href":"https:\/\/www.hotelclairlune.fr\/en\/wp-json\/wp\/v2\/users\/1"}],"replies":[{"embeddable":true,"href":"https:\/\/www.hotelclairlune.fr\/en\/wp-json\/wp\/v2\/comments?post=910"}],"version-history":[{"count":10,"href":"https:\/\/www.hotelclairlune.fr\/en\/wp-json\/wp\/v2\/pages\/910\/revisions"}],"predecessor-version":[{"id":4135,"href":"https:\/\/www.hotelclairlune.fr\/en\/wp-json\/wp\/v2\/pages\/910\/revisions\/4135"}],"wp:attachment":[{"href":"https:\/\/www.hotelclairlune.fr\/en\/wp-json\/wp\/v2\/media?parent=910"}],"curies":[{"name":"wp","href":"https:\/\/api.w.org\/{rel}","templated":true}]}}