{"id":1220,"date":"2019-02-28T16:07:28","date_gmt":"2019-02-28T15:07:28","guid":{"rendered":"http:\/\/www.hotelclairlune.fr\/es\/?page_id=1220"},"modified":"2022-12-16T11:10:28","modified_gmt":"2022-12-16T10:10:28","slug":"seminaires-et-groupes","status":"publish","type":"page","link":"https:\/\/www.hotelclairlune.fr\/es\/seminaires-et-groupes\/","title":{"rendered":"S\u00e9minaires et groupes"},"content":{"rendered":"\t\t<div data-elementor-type=\"wp-page\" data-elementor-id=\"1220\" class=\"elementor elementor-1220 elementor-1179\" data-elementor-settings=\"[]\">\n\t\t\t\t\t\t\t<div class=\"elementor-section-wrap\">\n\t\t\t\t\t\t\t<section class=\"elementor-section elementor-top-section elementor-element elementor-element-4d46397d elementor-section-stretched elementor-section-boxed elementor-section-height-default elementor-section-height-default\" data-id=\"4d46397d\" data-element_type=\"section\" data-settings=\"{&quot;stretch_section&quot;:&quot;section-stretched&quot;,&quot;background_background&quot;:&quot;classic&quot;}\">\n\t\t\t\t\t\t<div class=\"elementor-container elementor-column-gap-default\">\n\t\t\t\t\t<div class=\"elementor-column elementor-col-50 elementor-top-column elementor-element elementor-element-47404c0\" data-id=\"47404c0\" data-element_type=\"column\" data-settings=\"{&quot;background_background&quot;:&quot;classic&quot;}\">\n\t\t\t<div class=\"elementor-widget-wrap elementor-element-populated\">\n\t\t\t\t\t\t\t\t<div class=\"elementor-element elementor-element-7a070b37 elementor-widget elementor-widget-heading\" data-id=\"7a070b37\" data-element_type=\"widget\" data-widget_type=\"heading.default\">\n\t\t\t\t<div class=\"elementor-widget-container\">\n\t\t\t<h2 class=\"elementor-heading-title elementor-size-default\">S\u00e9minaires et Groupes<\/h2>\t\t<\/div>\n\t\t\t\t<\/div>\n\t\t\t\t<div class=\"elementor-element elementor-element-336eaf98 elementor-widget-divider--view-line elementor-widget elementor-widget-divider\" data-id=\"336eaf98\" data-element_type=\"widget\" data-widget_type=\"divider.default\">\n\t\t\t\t<div class=\"elementor-widget-container\">\n\t\t\t\t\t<div class=\"elementor-divider\">\n\t\t\t<span class=\"elementor-divider-separator\">\n\t\t\t\t\t\t<\/span>\n\t\t<\/div>\n\t\t\t\t<\/div>\n\t\t\t\t<\/div>\n\t\t\t\t<div class=\"elementor-element elementor-element-4b1dfcec elementor-widget elementor-widget-text-editor\" data-id=\"4b1dfcec\" data-element_type=\"widget\" data-widget_type=\"text-editor.default\">\n\t\t\t\t<div class=\"elementor-widget-container\">\n\t\t\t\t\t\t\t\t<p><strong>Votre s\u00e9minaire au Ch\u00e2teau du Clair de Lune &#8211;\u00a0<\/strong>Vous b\u00e9n\u00e9ficiez d\u2019un lieu unique avec des salles \u00e0 la\u00a0lumi\u00e8re du jour avec WIFI, d\u2019un parc de 8 hectares pour vos activit\u00e9s, de 2 espaces de restauration,\u00a0d\u2019un espace d\u00e9di\u00e9 pour vos pauses et tout l\u2019\u00e9quipement n\u00e9cessaire pour une journ\u00e9e de travail\u00a0r\u00e9ussie. Nos disposons de 3 salles\u00a0:<\/p><ul><li>La Biblioth\u00e8que\u00a0\u00ab\u00a0Alan Seeger\u00a0\u00bb (30m\u00b2)\u00a0: capacit\u00e9 12 personnes<\/li><li>Le Salon \u00ab\u00a0de Chambrun\u00a0\u00bb\u00a0(40m\u00b2)\u00a0: capacit\u00e9 26 personnes<\/li><li>L\u2019Espace \u00ab\u00a0C\u00f4t\u00e9 Terre\u00a0\u00bb (230m\u00b2)\u00a0: espace modulable selon vos besoins, capacit\u00e9 jusqu\u2019\u00e0 250\u00a0personnes en th\u00e9\u00e2tre<\/li><\/ul><p>Une situation privil\u00e9gi\u00e9e :<\/p><ul><li>2km de la gare SNCF<\/li><li>3.5km de l\u2019a\u00e9roport de Biarritz-Anglet-Bayonne<\/li><li>4.5km du centre ville de Biarritz<\/li><\/ul><p><a href=\"\/wp-content\/uploads\/2019\/04\/brochure-seminaires-web-2019.pdf\" target=\"_blank\" rel=\"noopener\">&gt; T\u00e9l\u00e9chargez notre brochure S\u00e9minaires MICE 2019<\/a><\/p>\t\t\t\t\t\t<\/div>\n\t\t\t\t<\/div>\n\t\t\t\t\t<\/div>\n\t\t<\/div>\n\t\t\t\t<div class=\"elementor-column elementor-col-50 elementor-top-column elementor-element elementor-element-70b882ff\" data-id=\"70b882ff\" data-element_type=\"column\" data-settings=\"{&quot;background_background&quot;:&quot;classic&quot;}\">\n\t\t\t<div class=\"elementor-widget-wrap elementor-element-populated\">\n\t\t\t\t\t\t\t\t<div class=\"elementor-element elementor-element-1235e3fb elementor-widget elementor-widget-image\" data-id=\"1235e3fb\" data-element_type=\"widget\" data-widget_type=\"image.default\">\n\t\t\t\t<div class=\"elementor-widget-container\">\n\t\t\t\t\t\t\t\t\t\t\t\t\t\t\t<img width=\"960\" height=\"720\" src=\"https:\/\/www.hotelclairlune.fr\/wp-content\/uploads\/2019\/04\/IMG_20190319_130310_464-1024x768.jpg\" class=\"attachment-large size-large\" alt=\"\" loading=\"lazy\" srcset=\"https:\/\/www.hotelclairlune.fr\/wp-content\/uploads\/2019\/04\/IMG_20190319_130310_464-1024x768.jpg 1024w, https:\/\/www.hotelclairlune.fr\/wp-content\/uploads\/2019\/04\/IMG_20190319_130310_464-300x225.jpg 300w, https:\/\/www.hotelclairlune.fr\/wp-content\/uploads\/2019\/04\/IMG_20190319_130310_464-768x576.jpg 768w, https:\/\/www.hotelclairlune.fr\/wp-content\/uploads\/2019\/04\/IMG_20190319_130310_464-400x300.jpg 400w\" sizes=\"(max-width: 960px) 100vw, 960px\" \/>\t\t\t\t\t\t\t\t\t\t\t\t\t\t\t<\/div>\n\t\t\t\t<\/div>\n\t\t\t\t\t<\/div>\n\t\t<\/div>\n\t\t\t\t\t\t\t<\/div>\n\t\t<\/section>\n\t\t\t\t<section class=\"elementor-section elementor-top-section elementor-element elementor-element-5ac45953 elementor-section-stretched elementor-section-boxed elementor-section-height-default elementor-section-height-default\" data-id=\"5ac45953\" data-element_type=\"section\" data-settings=\"{&quot;stretch_section&quot;:&quot;section-stretched&quot;,&quot;background_background&quot;:&quot;classic&quot;}\">\n\t\t\t\t\t\t<div class=\"elementor-container elementor-column-gap-default\">\n\t\t\t\t\t<div class=\"elementor-column elementor-col-66 elementor-top-column elementor-element elementor-element-657d9afa\" data-id=\"657d9afa\" data-element_type=\"column\">\n\t\t\t<div class=\"elementor-widget-wrap elementor-element-populated\">\n\t\t\t\t\t\t\t\t<div class=\"elementor-element elementor-element-2f5f5cf7 elementor-widget elementor-widget-heading\" data-id=\"2f5f5cf7\" data-element_type=\"widget\" data-widget_type=\"heading.default\">\n\t\t\t\t<div class=\"elementor-widget-container\">\n\t\t\t<h4 class=\"elementor-heading-title elementor-size-default\">Tarifs<\/h4>\t\t<\/div>\n\t\t\t\t<\/div>\n\t\t\t\t<div class=\"elementor-element elementor-element-13a0634d elementor-widget elementor-widget-text-editor\" data-id=\"13a0634d\" data-element_type=\"widget\" data-widget_type=\"text-editor.default\">\n\t\t\t\t<div class=\"elementor-widget-container\">\n\t\t\t\t\t\t\t\t<p>A partir de <strong>\u00a082 \u20ac<\/strong> par personne une journ\u00e9e d\u2019\u00e9tude (d\u00e9jeuner compris).<br \/>A partir de <strong>240 \u20ac<\/strong> par personne pour un s\u00e9minaire r\u00e9sidentiel en occupation chambre single.<\/p>\t\t\t\t\t\t<\/div>\n\t\t\t\t<\/div>\n\t\t\t\t\t<\/div>\n\t\t<\/div>\n\t\t\t\t<div class=\"elementor-column elementor-col-33 elementor-top-column elementor-element elementor-element-5ead2440\" data-id=\"5ead2440\" data-element_type=\"column\">\n\t\t\t<div class=\"elementor-widget-wrap elementor-element-populated\">\n\t\t\t\t\t\t\t\t<div class=\"elementor-element elementor-element-ca5c4fe elementor-align-left elementor-widget elementor-widget-button\" data-id=\"ca5c4fe\" data-element_type=\"widget\" data-widget_type=\"button.default\">\n\t\t\t\t<div class=\"elementor-widget-container\">\n\t\t\t\t\t<div class=\"elementor-button-wrapper\">\n\t\t\t<a href=\"mailto:event@hotelclairlune.com\" class=\"elementor-button-link elementor-button elementor-size-xs\" role=\"button\">\n\t\t\t\t\t\t<span class=\"elementor-button-content-wrapper\">\n\t\t\t\t\t\t<span class=\"elementor-button-text\">Demandez un devis gratuit<\/span>\n\t\t<\/span>\n\t\t\t\t\t<\/a>\n\t\t<\/div>\n\t\t\t\t<\/div>\n\t\t\t\t<\/div>\n\t\t\t\t\t<\/div>\n\t\t<\/div>\n\t\t\t\t\t\t\t<\/div>\n\t\t<\/section>\n\t\t\t\t\t\t<\/div>\n\t\t\t\t\t<\/div>\n\t\t","protected":false},"excerpt":{"rendered":"<p>S\u00e9minaires et Groupes Votre s\u00e9minaire au Ch\u00e2teau du Clair de Lune &#8211;\u00a0Vous b\u00e9n\u00e9ficiez d\u2019un lieu unique avec des salles \u00e0 la\u00a0lumi\u00e8re du jour avec WIFI, d\u2019un parc de 8 hectares pour vos activit\u00e9s, de 2 espaces de restauration,\u00a0d\u2019un espace d\u00e9di\u00e9 pour vos pauses et tout l\u2019\u00e9quipement n\u00e9cessaire pour une journ\u00e9e de travail\u00a0r\u00e9ussie. Nos disposons de&#8230; <\/p>\n<div class=\"clear\"><\/div>\n<p><a href=\"https:\/\/www.hotelclairlune.fr\/es\/seminaires-et-groupes\/\" class=\"excerpt-read-more\">Continue Reading<i class=\"fa fa-long-arrow-right icon-long-arrow-right\"><\/i><\/a><\/p>\n","protected":false},"author":1,"featured_media":0,"parent":0,"menu_order":0,"comment_status":"closed","ping_status":"closed","template":"","meta":[],"_links":{"self":[{"href":"https:\/\/www.hotelclairlune.fr\/es\/wp-json\/wp\/v2\/pages\/1220"}],"collection":[{"href":"https:\/\/www.hotelclairlune.fr\/es\/wp-json\/wp\/v2\/pages"}],"about":[{"href":"https:\/\/www.hotelclairlune.fr\/es\/wp-json\/wp\/v2\/types\/page"}],"author":[{"embeddable":true,"href":"https:\/\/www.hotelclairlune.fr\/es\/wp-json\/wp\/v2\/users\/1"}],"replies":[{"embeddable":true,"href":"https:\/\/www.hotelclairlune.fr\/es\/wp-json\/wp\/v2\/comments?post=1220"}],"version-history":[{"count":10,"href":"https:\/\/www.hotelclairlune.fr\/es\/wp-json\/wp\/v2\/pages\/1220\/revisions"}],"predecessor-version":[{"id":3945,"href":"https:\/\/www.hotelclairlune.fr\/es\/wp-json\/wp\/v2\/pages\/1220\/revisions\/3945"}],"wp:attachment":[{"href":"https:\/\/www.hotelclairlune.fr\/es\/wp-json\/wp\/v2\/media?parent=1220"}],"curies":[{"name":"wp","href":"https:\/\/api.w.org\/{rel}","templated":true}]}}