{"id":729,"date":"2015-12-03T22:39:36","date_gmt":"2015-12-03T21:39:36","guid":{"rendered":"http:\/\/chateauduclairdelune.bluelogic.fr\/es\/rates\/"},"modified":"2016-03-15T15:51:23","modified_gmt":"2016-03-15T14:51:23","slug":"precios-y-reservas","status":"publish","type":"page","link":"https:\/\/www.hotelclairlune.fr\/es\/precios-y-reservas\/","title":{"rendered":"Precios y reservas"},"content":{"rendered":"<table class=\"style-1\">\n<tbody>\n<tr>\n<th>Ubicaci\u00f3n<\/th>\n<th>Categor\u00eda<\/th>\n<th>Vista<\/th>\n<th>Superficie en m2\u00a0Cuarto de ba\u00f1o incluido<\/th>\n<th>Precio\/Noche<br \/>\nTemporada Baja (en Euros)<\/th>\n<th>Precio\/noche<br \/>\nTemporada Media* (en Euros)<\/th>\n<th>Precio\/Noche<br \/>\nTemporada Alta** (en\u00a0Euros)<\/th>\n<\/tr>\n<tr>\n<td style=\"vertical-align: middle;\" rowspan=\"3\"><strong>Castillo<\/strong><\/td>\n<td>Cl\u00e1sica<\/td>\n<td>Jardin<\/td>\n<td>23<\/td>\n<td>140<\/td>\n<td>175<\/td>\n<td>210<\/td>\n<\/tr>\n<tr>\n<td>De Lujo<\/td>\n<td>Parque<\/td>\n<td>37<\/td>\n<td>210<\/td>\n<td>250<\/td>\n<td>295<\/td>\n<\/tr>\n<tr>\n<td>De Lujo Familiar<\/td>\n<td>Parque<\/td>\n<td>57<\/td>\n<td>220<\/td>\n<td>290<\/td>\n<td>350<\/td>\n<\/tr>\n<tr>\n<td style=\"vertical-align: middle;\" rowspan=\"3\"><strong>Pabell\u00f3n de Caza***<\/strong><\/td>\n<td>Cl\u00e1sica<\/td>\n<td>Jardin\/Parque<\/td>\n<td>25<\/td>\n<td>150<\/td>\n<td>180<\/td>\n<td>220<\/td>\n<\/tr>\n<tr>\n<td>Superior<\/td>\n<td>Jardin\/Parque<\/td>\n<td>28<\/td>\n<td>180<\/td>\n<td>210<\/td>\n<td>250<\/td>\n<\/tr>\n<tr>\n<td>Superior Familiar<\/td>\n<td>Jardin\/Parque<\/td>\n<td>30<\/td>\n<td>190<\/td>\n<td>240<\/td>\n<td>295<\/td>\n<\/tr>\n<tr>\n<td style=\"vertical-align: middle;\"><strong>Villa<\/strong><\/td>\n<td>Habitaci\u00f3n \u00a0Villa<\/td>\n<td>Jardin\/Parque<\/td>\n<td>35<\/td>\n<td>200<\/td>\n<td>250<\/td>\n<td>300<\/td>\n<\/tr>\n<\/tbody>\n<\/table>\n<p>* Junio-Septiembre\u00a0y puentes<br \/>\n** Julio-Augusto, vacaciones de Navidad<br \/>\n*** Habitaciones con terraza individual<br \/>\n**** 2 Adultos y 2 ni\u00f1os menores de 15 a\u00f1os<\/p>\n<ul>\n<li><strong>Lit Suppl\u00e9mentaire:<\/strong> 20 \u20ac par nuit &#8211; lit b\u00e9b\u00e9: 10 \u20ac par nuit<\/li>\n<li><strong>Desayuno continental en el comedor: <\/strong>11.5 \u20ac por persona &#8211; En la habitaci\u00f3n: 15.5 \u20ac &#8211; Habitaci\u00f3n adicional:\u00a04\u20ac<\/li>\n<li><strong>Desayuno \u00a0americano en el comedor:<\/strong>\u00a016 \u20ac por persona &#8211; En la\u00a0habitaci\u00f3n: 20 \u20ac &#8211; Habitaci\u00f3n adicional:\u00a04\u20ac<\/li>\n<li><strong>Tasa de estancia <\/strong>por persona y por dia<strong>:<\/strong>\u00a02.20 \u20ac<\/li>\n<li><strong>Chien admis:<\/strong>\u00a010 \u20ac\/nuit<\/li>\n<\/ul>\n<ul>\n<li><strong>Dep\u00f3sito:<\/strong> Se confirma una reserva entregando un dep\u00f3sito correspondiente al 30 % del total o al precio de una noche por una estancia de menos de 3 d\u00edas.<\/li>\n<li><strong>La hora de llegada:<\/strong> Cada reserva est\u00e1 garantizada hasta las 09:30 horas de la noche. Por favor, av\u00edsenos en caso de llegar despu\u00e9s de las 10h de la noche.<\/li>\n<li><strong>Salida:<\/strong> La habitaci\u00f3n se debe dejar a disposici\u00f3n del hotel antes de las 12:00 horas.<\/li>\n<li><strong>Llegada:<\/strong> En general, la habitaci\u00f3n se pone a disposici\u00f3n lo antes posible; sin embargo, puede que necesite esperar hasta las 3:00 horas de la tarde.<\/li>\n<\/ul>\n","protected":false},"excerpt":{"rendered":"<p>Ubicaci\u00f3n Categor\u00eda Vista Superficie en m2\u00a0Cuarto de ba\u00f1o incluido Precio\/Noche Temporada Baja (en Euros) Precio\/noche Temporada Media* (en Euros) Precio\/Noche Temporada Alta** (en\u00a0Euros) Castillo Cl\u00e1sica Jardin 23 140 175 210 De Lujo Parque 37 210 250 295 De Lujo Familiar Parque 57 220 290 350 Pabell\u00f3n de Caza*** Cl\u00e1sica Jardin\/Parque 25 150 180 220 Superior&#8230; <\/p>\n<div class=\"clear\"><\/div>\n<p><a href=\"https:\/\/www.hotelclairlune.fr\/es\/precios-y-reservas\/\" class=\"excerpt-read-more\">Continue Reading<i class=\"fa fa-long-arrow-right icon-long-arrow-right\"><\/i><\/a><\/p>\n","protected":false},"author":1,"featured_media":0,"parent":0,"menu_order":0,"comment_status":"closed","ping_status":"closed","template":"","meta":[],"_links":{"self":[{"href":"https:\/\/www.hotelclairlune.fr\/es\/wp-json\/wp\/v2\/pages\/729"}],"collection":[{"href":"https:\/\/www.hotelclairlune.fr\/es\/wp-json\/wp\/v2\/pages"}],"about":[{"href":"https:\/\/www.hotelclairlune.fr\/es\/wp-json\/wp\/v2\/types\/page"}],"author":[{"embeddable":true,"href":"https:\/\/www.hotelclairlune.fr\/es\/wp-json\/wp\/v2\/users\/1"}],"replies":[{"embeddable":true,"href":"https:\/\/www.hotelclairlune.fr\/es\/wp-json\/wp\/v2\/comments?post=729"}],"version-history":[{"count":9,"href":"https:\/\/www.hotelclairlune.fr\/es\/wp-json\/wp\/v2\/pages\/729\/revisions"}],"predecessor-version":[{"id":1059,"href":"https:\/\/www.hotelclairlune.fr\/es\/wp-json\/wp\/v2\/pages\/729\/revisions\/1059"}],"wp:attachment":[{"href":"https:\/\/www.hotelclairlune.fr\/es\/wp-json\/wp\/v2\/media?parent=729"}],"curies":[{"name":"wp","href":"https:\/\/api.w.org\/{rel}","templated":true}]}}