{"id":905,"date":"2015-12-01T18:35:00","date_gmt":"2015-12-01T17:35:00","guid":{"rendered":"http:\/\/chateauduclairdelune.bluelogic.fr\/es\/le-parc\/"},"modified":"2022-06-30T14:08:24","modified_gmt":"2022-06-30T13:08:24","slug":"el-hotel","status":"publish","type":"page","link":"https:\/\/www.hotelclairlune.fr\/es\/el-hotel\/","title":{"rendered":"El Hotel"},"content":{"rendered":"\t\t<div data-elementor-type=\"wp-page\" data-elementor-id=\"905\" class=\"elementor elementor-905 elementor-54\" data-elementor-settings=\"[]\">\n\t\t\t\t\t\t\t<div class=\"elementor-section-wrap\">\n\t\t\t\t\t\t\t<section class=\"elementor-section elementor-top-section elementor-element elementor-element-2f0e6f4f elementor-section-stretched elementor-section-boxed elementor-section-height-default elementor-section-height-default\" data-id=\"2f0e6f4f\" data-element_type=\"section\" data-settings=\"{&quot;stretch_section&quot;:&quot;section-stretched&quot;,&quot;background_background&quot;:&quot;classic&quot;}\">\n\t\t\t\t\t\t<div class=\"elementor-container elementor-column-gap-default\">\n\t\t\t\t\t<div class=\"elementor-column elementor-col-50 elementor-top-column elementor-element elementor-element-19a397c5\" data-id=\"19a397c5\" data-element_type=\"column\" data-settings=\"{&quot;background_background&quot;:&quot;classic&quot;}\">\n\t\t\t<div class=\"elementor-widget-wrap elementor-element-populated\">\n\t\t\t\t\t\t\t\t<div class=\"elementor-element elementor-element-7d930f3c elementor-widget elementor-widget-heading\" data-id=\"7d930f3c\" data-element_type=\"widget\" data-widget_type=\"heading.default\">\n\t\t\t\t<div class=\"elementor-widget-container\">\n\t\t\t<h2 class=\"elementor-heading-title elementor-size-default\">Hotel<\/h2>\t\t<\/div>\n\t\t\t\t<\/div>\n\t\t\t\t<div class=\"elementor-element elementor-element-7b5c2ae4 elementor-widget-divider--view-line elementor-widget elementor-widget-divider\" data-id=\"7b5c2ae4\" data-element_type=\"widget\" data-widget_type=\"divider.default\">\n\t\t\t\t<div class=\"elementor-widget-container\">\n\t\t\t\t\t<div class=\"elementor-divider\">\n\t\t\t<span class=\"elementor-divider-separator\">\n\t\t\t\t\t\t<\/span>\n\t\t<\/div>\n\t\t\t\t<\/div>\n\t\t\t\t<\/div>\n\t\t\t\t<div class=\"elementor-element elementor-element-1d6a9314 elementor-widget elementor-widget-text-editor\" data-id=\"1d6a9314\" data-element_type=\"widget\" data-widget_type=\"text-editor.default\">\n\t\t\t\t<div class=\"elementor-widget-container\">\n\t\t\t\t\t\t\t\t<p>El Ch\u00e2teau Du Clair de Lune est\u00e1 ubicado en una casa se\u00f1orial del siglo XIX, a 4 km del centro de Biarritz.<\/p><p>Las habitaciones se encuentran en la casa se\u00f1orial y en el pabell\u00f3n de caza. Cada habitaci\u00f3n tiene TV de pantalla plana v\u00eda sat\u00e9lite, secador de pelo, caja fuerte, ba\u00f1era or ducha y minibar. Las habitaciones del pabell\u00f3n de caza cuentan con una terraza privada con vistas al jard\u00edn o al parque.<\/p><p>La casa se\u00f1orial del Ch\u00e2teau dispone de salones y biblioteca. El Ch\u00e2teau Du Clair De Lune tiene un parque lleno de rosas, magnolias, rododendros, etc.<\/p>\t\t\t\t\t\t<\/div>\n\t\t\t\t<\/div>\n\t\t\t\t\t<\/div>\n\t\t<\/div>\n\t\t\t\t<div class=\"elementor-column elementor-col-50 elementor-top-column elementor-element elementor-element-7715a5da\" data-id=\"7715a5da\" data-element_type=\"column\" data-settings=\"{&quot;background_background&quot;:&quot;classic&quot;}\">\n\t\t\t<div class=\"elementor-widget-wrap elementor-element-populated\">\n\t\t\t\t\t\t\t\t<div class=\"elementor-element elementor-element-3dc8529f elementor-widget elementor-widget-image\" data-id=\"3dc8529f\" data-element_type=\"widget\" data-widget_type=\"image.default\">\n\t\t\t\t<div class=\"elementor-widget-container\">\n\t\t\t\t\t\t\t\t\t\t\t\t\t\t\t<img src=\"https:\/\/new.hotelclairlune.fr\/wp-content\/uploads\/2021\/05\/hotel.png\" title=\"\" alt=\"\" \/>\t\t\t\t\t\t\t\t\t\t\t\t\t\t\t<\/div>\n\t\t\t\t<\/div>\n\t\t\t\t\t<\/div>\n\t\t<\/div>\n\t\t\t\t\t\t\t<\/div>\n\t\t<\/section>\n\t\t\t\t<section class=\"elementor-section elementor-top-section elementor-element elementor-element-54e68b3 elementor-section-stretched elementor-section-boxed elementor-section-height-default elementor-section-height-default\" data-id=\"54e68b3\" data-element_type=\"section\" data-settings=\"{&quot;stretch_section&quot;:&quot;section-stretched&quot;}\">\n\t\t\t\t\t\t<div class=\"elementor-container elementor-column-gap-default\">\n\t\t\t\t\t<div class=\"elementor-column elementor-col-100 elementor-top-column elementor-element elementor-element-297c38af\" data-id=\"297c38af\" data-element_type=\"column\">\n\t\t\t<div class=\"elementor-widget-wrap elementor-element-populated\">\n\t\t\t\t\t\t\t\t<div class=\"elementor-element elementor-element-929716a elementor-widget elementor-widget-heading\" data-id=\"929716a\" data-element_type=\"widget\" data-widget_type=\"heading.default\">\n\t\t\t\t<div class=\"elementor-widget-container\">\n\t\t\t<h2 class=\"elementor-heading-title elementor-size-default\">El parque<\/h2>\t\t<\/div>\n\t\t\t\t<\/div>\n\t\t\t\t<div class=\"elementor-element elementor-element-a86306a elementor-widget-divider--view-line elementor-widget elementor-widget-divider\" data-id=\"a86306a\" data-element_type=\"widget\" data-widget_type=\"divider.default\">\n\t\t\t\t<div class=\"elementor-widget-container\">\n\t\t\t\t\t<div class=\"elementor-divider\">\n\t\t\t<span class=\"elementor-divider-separator\">\n\t\t\t\t\t\t<\/span>\n\t\t<\/div>\n\t\t\t\t<\/div>\n\t\t\t\t<\/div>\n\t\t\t\t<div class=\"elementor-element elementor-element-463f1822 elementor-widget elementor-widget-text-editor\" data-id=\"463f1822\" data-element_type=\"widget\" data-widget_type=\"text-editor.default\">\n\t\t\t\t<div class=\"elementor-widget-container\">\n\t\t\t\t\t\t\t\t<p>Le invitamos durante su estancia a recorrer nuestro maravilloso parque arbolado de 8 hect\u00e1reas. La propiedad esta ornada de arboles centenario y de arbustos con esencias variadas. El \u00e1rbol del Tulip\u00e1n de Florida, Magnolia, Cedro de L\u00edbano, Azaleas, roble de Am\u00e9rica, Alcornoque, Arce y Glicinas de Jap\u00f3n, Lila de India, Liquid\u00e1mbar, rododendros, camelias de invierno y muchas m\u00e1s especies hacen la reverencia a este parque viviendo del romanticismo de anta\u00f1o.<\/p>\t\t\t\t\t\t<\/div>\n\t\t\t\t<\/div>\n\t\t\t\t\t<\/div>\n\t\t<\/div>\n\t\t\t\t\t\t\t<\/div>\n\t\t<\/section>\n\t\t\t\t<section class=\"elementor-section elementor-top-section elementor-element elementor-element-d534aad elementor-section-boxed elementor-section-height-default elementor-section-height-default\" data-id=\"d534aad\" data-element_type=\"section\">\n\t\t\t\t\t\t<div class=\"elementor-container elementor-column-gap-default\">\n\t\t\t\t\t<div class=\"elementor-column elementor-col-100 elementor-top-column elementor-element elementor-element-6108bd01\" data-id=\"6108bd01\" data-element_type=\"column\">\n\t\t\t<div class=\"elementor-widget-wrap elementor-element-populated\">\n\t\t\t\t\t\t\t\t<div class=\"elementor-element elementor-element-3d9f2ee0 gallery-spacing-custom elementor-widget elementor-widget-image-gallery\" data-id=\"3d9f2ee0\" data-element_type=\"widget\" data-widget_type=\"image-gallery.default\">\n\t\t\t\t<div class=\"elementor-widget-container\">\n\t\t\t\t\t<div class=\"elementor-image-gallery\">\n\t\t\t<div class=\"gdlr-shortcode-wrapper\"><div class=\"gdlr-gallery-item gdlr-item\" ><div class=\"gallery-column three columns\"><div class=\"gallery-item\"><a href=\"https:\/\/www.hotelclairlune.fr\/wp-content\/uploads\/2015\/12\/parc-10.jpg\" data-fancybox-group=\"gdlr-gal-1\" data-rel=\"fancybox\" ><img loading=\"lazy\" src=\"https:\/\/www.hotelclairlune.fr\/wp-content\/uploads\/2015\/12\/parc-10-1024x680.jpg\" alt=\"\" width=\"960\" height=\"638\" \/><\/a><\/div><\/div><div class=\"gallery-column three columns\"><div class=\"gallery-item\"><a href=\"https:\/\/www.hotelclairlune.fr\/wp-content\/uploads\/2015\/12\/parc-9.jpg\" data-fancybox-group=\"gdlr-gal-1\" data-rel=\"fancybox\" ><img loading=\"lazy\" src=\"https:\/\/www.hotelclairlune.fr\/wp-content\/uploads\/2015\/12\/parc-9-1024x680.jpg\" alt=\"\" width=\"960\" height=\"638\" \/><\/a><\/div><\/div><div class=\"gallery-column three columns\"><div class=\"gallery-item\"><a href=\"https:\/\/www.hotelclairlune.fr\/wp-content\/uploads\/2015\/12\/parc-8.jpg\" data-fancybox-group=\"gdlr-gal-1\" data-rel=\"fancybox\" ><img loading=\"lazy\" src=\"https:\/\/www.hotelclairlune.fr\/wp-content\/uploads\/2015\/12\/parc-8-1024x680.jpg\" alt=\"\" width=\"960\" height=\"638\" \/><\/a><\/div><\/div><div class=\"gallery-column three columns\"><div class=\"gallery-item\"><a href=\"https:\/\/www.hotelclairlune.fr\/wp-content\/uploads\/2015\/12\/parc-7.jpg\" data-fancybox-group=\"gdlr-gal-1\" data-rel=\"fancybox\" ><img loading=\"lazy\" src=\"https:\/\/www.hotelclairlune.fr\/wp-content\/uploads\/2015\/12\/parc-7-1024x680.jpg\" alt=\"\" width=\"960\" height=\"638\" \/><\/a><\/div><\/div><div class=\"clear\"><\/div><div class=\"gallery-column three columns\"><div class=\"gallery-item\"><a href=\"https:\/\/www.hotelclairlune.fr\/wp-content\/uploads\/2015\/12\/parc-6.jpg\" data-fancybox-group=\"gdlr-gal-1\" data-rel=\"fancybox\" ><img loading=\"lazy\" src=\"https:\/\/www.hotelclairlune.fr\/wp-content\/uploads\/2015\/12\/parc-6-1024x680.jpg\" alt=\"\" width=\"960\" height=\"638\" \/><\/a><\/div><\/div><div class=\"gallery-column three columns\"><div class=\"gallery-item\"><a href=\"https:\/\/www.hotelclairlune.fr\/wp-content\/uploads\/2015\/12\/parc-5.jpg\" data-fancybox-group=\"gdlr-gal-1\" data-rel=\"fancybox\" ><img loading=\"lazy\" src=\"https:\/\/www.hotelclairlune.fr\/wp-content\/uploads\/2015\/12\/parc-5-1024x680.jpg\" alt=\"\" width=\"960\" height=\"638\" \/><\/a><\/div><\/div><div class=\"gallery-column three columns\"><div class=\"gallery-item\"><a href=\"https:\/\/www.hotelclairlune.fr\/wp-content\/uploads\/2015\/12\/parc-4.jpg\" data-fancybox-group=\"gdlr-gal-1\" data-rel=\"fancybox\" ><img loading=\"lazy\" src=\"https:\/\/www.hotelclairlune.fr\/wp-content\/uploads\/2015\/12\/parc-4-1024x680.jpg\" alt=\"\" width=\"960\" height=\"638\" \/><\/a><\/div><\/div><div class=\"gallery-column three columns\"><div class=\"gallery-item\"><a href=\"https:\/\/www.hotelclairlune.fr\/wp-content\/uploads\/2015\/12\/parc-3.jpg\" data-fancybox-group=\"gdlr-gal-1\" data-rel=\"fancybox\" ><img loading=\"lazy\" src=\"https:\/\/www.hotelclairlune.fr\/wp-content\/uploads\/2015\/12\/parc-3-1024x680.jpg\" alt=\"\" width=\"960\" height=\"638\" \/><\/a><\/div><\/div><div class=\"clear\"><\/div><div class=\"gallery-column three columns\"><div class=\"gallery-item\"><a href=\"https:\/\/www.hotelclairlune.fr\/wp-content\/uploads\/2015\/12\/parc-2.jpg\" data-fancybox-group=\"gdlr-gal-1\" data-rel=\"fancybox\" ><img loading=\"lazy\" src=\"https:\/\/www.hotelclairlune.fr\/wp-content\/uploads\/2015\/12\/parc-2-1024x768.jpg\" alt=\"\" width=\"960\" height=\"720\" \/><\/a><\/div><\/div><div class=\"gallery-column three columns\"><div class=\"gallery-item\"><a href=\"https:\/\/www.hotelclairlune.fr\/wp-content\/uploads\/2015\/12\/parc-1.jpg\" data-fancybox-group=\"gdlr-gal-1\" data-rel=\"fancybox\" ><img loading=\"lazy\" src=\"https:\/\/www.hotelclairlune.fr\/wp-content\/uploads\/2015\/12\/parc-1-1024x768.jpg\" alt=\"\" width=\"960\" height=\"720\" \/><\/a><\/div><\/div><div class=\"clear\"><\/div><\/div><\/div>\t\t<\/div>\n\t\t\t\t<\/div>\n\t\t\t\t<\/div>\n\t\t\t\t\t<\/div>\n\t\t<\/div>\n\t\t\t\t\t\t\t<\/div>\n\t\t<\/section>\n\t\t\t\t\t\t<\/div>\n\t\t\t\t\t<\/div>\n\t\t","protected":false},"excerpt":{"rendered":"<p>Hotel El Ch\u00e2teau Du Clair de Lune est\u00e1 ubicado en una casa se\u00f1orial del siglo XIX, a 4 km del centro de Biarritz. Las habitaciones se encuentran en la casa se\u00f1orial y en el pabell\u00f3n de caza. Cada habitaci\u00f3n tiene TV de pantalla plana v\u00eda sat\u00e9lite, secador de pelo, caja fuerte, ba\u00f1era or ducha y&#8230; <\/p>\n<div class=\"clear\"><\/div>\n<p><a href=\"https:\/\/www.hotelclairlune.fr\/es\/el-hotel\/\" class=\"excerpt-read-more\">Continue Reading<i class=\"fa fa-long-arrow-right icon-long-arrow-right\"><\/i><\/a><\/p>\n","protected":false},"author":1,"featured_media":0,"parent":0,"menu_order":0,"comment_status":"closed","ping_status":"closed","template":"","meta":[],"_links":{"self":[{"href":"https:\/\/www.hotelclairlune.fr\/es\/wp-json\/wp\/v2\/pages\/905"}],"collection":[{"href":"https:\/\/www.hotelclairlune.fr\/es\/wp-json\/wp\/v2\/pages"}],"about":[{"href":"https:\/\/www.hotelclairlune.fr\/es\/wp-json\/wp\/v2\/types\/page"}],"author":[{"embeddable":true,"href":"https:\/\/www.hotelclairlune.fr\/es\/wp-json\/wp\/v2\/users\/1"}],"replies":[{"embeddable":true,"href":"https:\/\/www.hotelclairlune.fr\/es\/wp-json\/wp\/v2\/comments?post=905"}],"version-history":[{"count":10,"href":"https:\/\/www.hotelclairlune.fr\/es\/wp-json\/wp\/v2\/pages\/905\/revisions"}],"predecessor-version":[{"id":3553,"href":"https:\/\/www.hotelclairlune.fr\/es\/wp-json\/wp\/v2\/pages\/905\/revisions\/3553"}],"wp:attachment":[{"href":"https:\/\/www.hotelclairlune.fr\/es\/wp-json\/wp\/v2\/media?parent=905"}],"curies":[{"name":"wp","href":"https:\/\/api.w.org\/{rel}","templated":true}]}}