{"id":907,"date":"2015-12-01T18:35:11","date_gmt":"2015-12-01T17:35:11","guid":{"rendered":"http:\/\/chateauduclairdelune.bluelogic.fr\/es\/mariages\/"},"modified":"2021-07-06T13:27:06","modified_gmt":"2021-07-06T12:27:06","slug":"mariages","status":"publish","type":"page","link":"https:\/\/www.hotelclairlune.fr\/es\/mariages\/","title":{"rendered":"Bodas y Eventos"},"content":{"rendered":"\t\t<div data-elementor-type=\"wp-page\" data-elementor-id=\"907\" class=\"elementor elementor-907 elementor-56\" data-elementor-settings=\"[]\">\n\t\t\t\t\t\t\t<div class=\"elementor-section-wrap\">\n\t\t\t\t\t\t\t<section class=\"elementor-section elementor-top-section elementor-element elementor-element-20c041d6 elementor-section-stretched elementor-section-boxed elementor-section-height-default elementor-section-height-default\" data-id=\"20c041d6\" data-element_type=\"section\" data-settings=\"{&quot;stretch_section&quot;:&quot;section-stretched&quot;,&quot;background_background&quot;:&quot;classic&quot;}\">\n\t\t\t\t\t\t<div class=\"elementor-container elementor-column-gap-default\">\n\t\t\t\t\t<div class=\"elementor-column elementor-col-50 elementor-top-column elementor-element elementor-element-2c4aaafd\" data-id=\"2c4aaafd\" data-element_type=\"column\" data-settings=\"{&quot;background_background&quot;:&quot;classic&quot;}\">\n\t\t\t<div class=\"elementor-widget-wrap elementor-element-populated\">\n\t\t\t\t\t\t\t\t<div class=\"elementor-element elementor-element-4a88a63d elementor-widget elementor-widget-heading\" data-id=\"4a88a63d\" data-element_type=\"widget\" data-widget_type=\"heading.default\">\n\t\t\t\t<div class=\"elementor-widget-container\">\n\t\t\t<h2 class=\"elementor-heading-title elementor-size-default\">Bodas<\/h2>\t\t<\/div>\n\t\t\t\t<\/div>\n\t\t\t\t<div class=\"elementor-element elementor-element-500dab67 elementor-widget-divider--view-line elementor-widget elementor-widget-divider\" data-id=\"500dab67\" data-element_type=\"widget\" data-widget_type=\"divider.default\">\n\t\t\t\t<div class=\"elementor-widget-container\">\n\t\t\t\t\t<div class=\"elementor-divider\">\n\t\t\t<span class=\"elementor-divider-separator\">\n\t\t\t\t\t\t<\/span>\n\t\t<\/div>\n\t\t\t\t<\/div>\n\t\t\t\t<\/div>\n\t\t\t\t<div class=\"elementor-element elementor-element-573429a7 elementor-widget elementor-widget-text-editor\" data-id=\"573429a7\" data-element_type=\"widget\" data-widget_type=\"text-editor.default\">\n\t\t\t\t<div class=\"elementor-widget-container\">\n\t\t\t\t\t\t\t\t<p>Desde Septiembre del 2012, organizamos bodas dentro de nuestro hotel.<\/p><p>\u00a0<\/p><p><strong>Descripci\u00f3n de nuestro nuevo espacio de recepci\u00f3n \u00ab C\u00f4t\u00e9 Terre \u00bb:<\/strong><\/p><ul><li>Un espacio de 350 m\u00b2 incluyendo una zona para el catering, aseos Caballeros\/Damas, un guardarropa. La superficie de la sala es de 230 m\u00b2 con una capacidad de 180 personas sentadas (posibilidad de extensi\u00f3n bajo pedido desde 180 y hasta 250 personas \u2013 superficie de la sala 350 m\u00b2)<\/li><li>Terraza exterior cubierta de 120 m\u00b2<\/li><li>Frente al edificio, piscina con fondo negro de dimensiones 15 X 5 con las normas de seguridad vigentes<\/li><li>Orientaci\u00f3n Sur con un panorama a 180\u00b0 dando al Pirineo<\/li><\/ul>\t\t\t\t\t\t<\/div>\n\t\t\t\t<\/div>\n\t\t\t\t\t<\/div>\n\t\t<\/div>\n\t\t\t\t<div class=\"elementor-column elementor-col-50 elementor-top-column elementor-element elementor-element-598cfb04\" data-id=\"598cfb04\" data-element_type=\"column\" data-settings=\"{&quot;background_background&quot;:&quot;classic&quot;}\">\n\t\t\t<div class=\"elementor-widget-wrap elementor-element-populated\">\n\t\t\t\t\t\t\t\t<div class=\"elementor-element elementor-element-14eded3f elementor-widget elementor-widget-image\" data-id=\"14eded3f\" data-element_type=\"widget\" data-widget_type=\"image.default\">\n\t\t\t\t<div class=\"elementor-widget-container\">\n\t\t\t\t\t\t\t\t\t\t\t\t\t\t\t<img src=\"https:\/\/new.hotelclairlune.fr\/wp-content\/uploads\/2021\/05\/page_mariage.png\" title=\"\" alt=\"\" \/>\t\t\t\t\t\t\t\t\t\t\t\t\t\t\t<\/div>\n\t\t\t\t<\/div>\n\t\t\t\t\t<\/div>\n\t\t<\/div>\n\t\t\t\t\t\t\t<\/div>\n\t\t<\/section>\n\t\t\t\t<section class=\"elementor-section elementor-top-section elementor-element elementor-element-3f086aac elementor-section-stretched elementor-section-boxed elementor-section-height-default elementor-section-height-default\" data-id=\"3f086aac\" data-element_type=\"section\" data-settings=\"{&quot;stretch_section&quot;:&quot;section-stretched&quot;,&quot;background_background&quot;:&quot;classic&quot;}\">\n\t\t\t\t\t\t\t<div class=\"elementor-background-overlay\"><\/div>\n\t\t\t\t\t\t\t<div class=\"elementor-container elementor-column-gap-default\">\n\t\t\t\t\t<div class=\"elementor-column elementor-col-100 elementor-top-column elementor-element elementor-element-2c6836ef\" data-id=\"2c6836ef\" data-element_type=\"column\">\n\t\t\t<div class=\"elementor-widget-wrap elementor-element-populated\">\n\t\t\t\t\t\t\t\t<div class=\"elementor-element elementor-element-52931f59 elementor-aspect-ratio-169 elementor-widget elementor-widget-video\" data-id=\"52931f59\" data-element_type=\"widget\" data-settings=\"{&quot;show_image_overlay&quot;:&quot;yes&quot;,&quot;image_overlay&quot;:{&quot;url&quot;:&quot;https:\\\/\\\/new.hotelclairlune.fr\\\/wp-content\\\/uploads\\\/2021\\\/05\\\/play-button-1.png&quot;,&quot;id&quot;:1760},&quot;lightbox&quot;:&quot;yes&quot;,&quot;video_type&quot;:&quot;vimeo&quot;,&quot;aspect_ratio&quot;:&quot;169&quot;}\" data-widget_type=\"video.default\">\n\t\t\t\t<div class=\"elementor-widget-container\">\n\t\t\t\t\t<div class=\"elementor-wrapper elementor-open-lightbox\">\n\t\t\t\t\t\t\t<div class=\"elementor-custom-embed-image-overlay\" data-elementor-open-lightbox=\"yes\" data-elementor-lightbox=\"{&quot;type&quot;:&quot;video&quot;,&quot;videoType&quot;:&quot;vimeo&quot;,&quot;url&quot;:&quot;https:\\\/\\\/player.vimeo.com\\\/video\\\/240021028?color&amp;autopause=0&amp;loop=0&amp;muted=0&amp;title=1&amp;portrait=1&amp;byline=1#t=&quot;,&quot;modalOptions&quot;:{&quot;id&quot;:&quot;elementor-lightbox-52931f59&quot;,&quot;entranceAnimation&quot;:&quot;&quot;,&quot;entranceAnimation_tablet&quot;:&quot;&quot;,&quot;entranceAnimation_mobile&quot;:&quot;&quot;,&quot;videoAspectRatio&quot;:&quot;169&quot;}}\">\n\t\t\t\t\t\t\t\t\t\t\t<img src=\"https:\/\/new.hotelclairlune.fr\/wp-content\/uploads\/2021\/05\/play-button-1.png\" title=\"\" alt=\"\" \/>\t\t\t\t\t\t\t\t\t\t\t\t\t\t<\/div>\n\t\t\t\t\t<\/div>\n\t\t\t\t<\/div>\n\t\t\t\t<\/div>\n\t\t\t\t<div class=\"elementor-element elementor-element-62534f7b elementor-widget elementor-widget-heading\" data-id=\"62534f7b\" data-element_type=\"widget\" data-widget_type=\"heading.default\">\n\t\t\t\t<div class=\"elementor-widget-container\">\n\t\t\t<h2 class=\"elementor-heading-title elementor-size-default\">Video<\/h2>\t\t<\/div>\n\t\t\t\t<\/div>\n\t\t\t\t<div class=\"elementor-element elementor-element-23c823c elementor-widget elementor-widget-text-editor\" data-id=\"23c823c\" data-element_type=\"widget\" data-widget_type=\"text-editor.default\">\n\t\t\t\t<div class=\"elementor-widget-container\">\n\t\t\t\t\t\t\t\t<p>Un lugar excepcional para un d\u00eda inolvidable.<\/p>\t\t\t\t\t\t<\/div>\n\t\t\t\t<\/div>\n\t\t\t\t\t<\/div>\n\t\t<\/div>\n\t\t\t\t\t\t\t<\/div>\n\t\t<\/section>\n\t\t\t\t<section class=\"elementor-section elementor-top-section elementor-element elementor-element-48628cd7 elementor-section-boxed elementor-section-height-default elementor-section-height-default\" data-id=\"48628cd7\" data-element_type=\"section\">\n\t\t\t\t\t\t<div class=\"elementor-container elementor-column-gap-default\">\n\t\t\t\t\t<div class=\"elementor-column elementor-col-100 elementor-top-column elementor-element elementor-element-18e73ab7\" data-id=\"18e73ab7\" data-element_type=\"column\">\n\t\t\t<div class=\"elementor-widget-wrap elementor-element-populated\">\n\t\t\t\t\t\t\t\t<div class=\"elementor-element elementor-element-562c4828 elementor-widget elementor-widget-text-editor\" data-id=\"562c4828\" data-element_type=\"widget\" data-widget_type=\"text-editor.default\">\n\t\t\t\t<div class=\"elementor-widget-container\">\n\t\t\t\t\t\t\t\t<p><strong>Oferta incluyendo :<\/strong><\/p><ul><li>La terraza del Castillo y los jardines a la francesa para el coctel<\/li><li>Sala de recepci\u00f3n cubierta (camino de glicina desde la terraza del Castillo hasta la zona de la sala pasando por la rosalera )<\/li><li>Si desean organizar un brunch, a sala, la terraza y la piscina son disponibles hasta el d\u00eda siguiente a las 4 (el Domingo)<\/li><li>Un vigilante encargado de atender a los coches antes del coctel y encargado de la seguridad de sus hu\u00e9spedes durante toda la noche<\/li><li>Posibilidad de organizar el coctel dentro de los salones del Castillo seg\u00fan las condiciones clim\u00e1ticas con un suplemento para proteger los parquets, quitar todos los muebles y limpiar<\/li><li>Obligaci\u00f3n de privatizar el hotel (18 habitaciones para un m\u00ednimo de dos noches)<\/li><li>Apoyo y ayuda para encontrar los proveedores gracias a nuestros contactos (catering, florista, fot\u00f3grafo, dj, etc.)<\/li><li>Coordinaci\u00f3n y organizaci\u00f3n de la log\u00edstica el d\u00eda de la boda y relaci\u00f3n con los proveedores<\/li><\/ul>\t\t\t\t\t\t<\/div>\n\t\t\t\t<\/div>\n\t\t\t\t\t<\/div>\n\t\t<\/div>\n\t\t\t\t\t\t\t<\/div>\n\t\t<\/section>\n\t\t\t\t<section class=\"elementor-section elementor-top-section elementor-element elementor-element-ad90e48 elementor-section-stretched elementor-section-boxed elementor-section-height-default elementor-section-height-default\" data-id=\"ad90e48\" data-element_type=\"section\" data-settings=\"{&quot;stretch_section&quot;:&quot;section-stretched&quot;,&quot;background_background&quot;:&quot;classic&quot;}\">\n\t\t\t\t\t\t<div class=\"elementor-container elementor-column-gap-default\">\n\t\t\t\t\t<div class=\"elementor-column elementor-col-66 elementor-top-column elementor-element elementor-element-416c1ae2\" data-id=\"416c1ae2\" data-element_type=\"column\">\n\t\t\t<div class=\"elementor-widget-wrap elementor-element-populated\">\n\t\t\t\t\t\t\t\t<div class=\"elementor-element elementor-element-daf54a0 elementor-widget elementor-widget-heading\" data-id=\"daf54a0\" data-element_type=\"widget\" data-widget_type=\"heading.default\">\n\t\t\t\t<div class=\"elementor-widget-container\">\n\t\t\t<h4 class=\"elementor-heading-title elementor-size-default\">Disponibilidad y tarifas<\/h4>\t\t<\/div>\n\t\t\t\t<\/div>\n\t\t\t\t<div class=\"elementor-element elementor-element-48f46a3f elementor-widget elementor-widget-text-editor\" data-id=\"48f46a3f\" data-element_type=\"widget\" data-widget_type=\"text-editor.default\">\n\t\t\t\t<div class=\"elementor-widget-container\">\n\t\t\t\t\t\t\t\t<ul><li>Todo el a\u00f1o menos desde el segundo fin de semana de Julio hasta el segundo fin de semana de Agosto<\/li><li>Puentes (d\u00edas festivos) : obligaci\u00f3n de privatizar todo el hotel con un m\u00ednimo de tres noches<\/li><\/ul>\t\t\t\t\t\t<\/div>\n\t\t\t\t<\/div>\n\t\t\t\t\t<\/div>\n\t\t<\/div>\n\t\t\t\t<div class=\"elementor-column elementor-col-33 elementor-top-column elementor-element elementor-element-54f65bc4\" data-id=\"54f65bc4\" data-element_type=\"column\">\n\t\t\t<div class=\"elementor-widget-wrap elementor-element-populated\">\n\t\t\t\t\t\t\t\t<div class=\"elementor-element elementor-element-1ec7a12c elementor-align-left elementor-widget elementor-widget-button\" data-id=\"1ec7a12c\" data-element_type=\"widget\" data-widget_type=\"button.default\">\n\t\t\t\t<div class=\"elementor-widget-container\">\n\t\t\t\t\t<div class=\"elementor-button-wrapper\">\n\t\t\t<a href=\"mailto:event@hotelclairlune.com\" class=\"elementor-button-link elementor-button elementor-size-xs\" role=\"button\">\n\t\t\t\t\t\t<span class=\"elementor-button-content-wrapper\">\n\t\t\t\t\t\t<span class=\"elementor-button-text\">Demandez un devis gratuit<\/span>\n\t\t<\/span>\n\t\t\t\t\t<\/a>\n\t\t<\/div>\n\t\t\t\t<\/div>\n\t\t\t\t<\/div>\n\t\t\t\t\t<\/div>\n\t\t<\/div>\n\t\t\t\t\t\t\t<\/div>\n\t\t<\/section>\n\t\t\t\t<section class=\"elementor-section elementor-top-section elementor-element elementor-element-4b17a89e elementor-section-stretched elementor-section-boxed elementor-section-height-default elementor-section-height-default\" data-id=\"4b17a89e\" data-element_type=\"section\" data-settings=\"{&quot;stretch_section&quot;:&quot;section-stretched&quot;,&quot;background_background&quot;:&quot;classic&quot;}\">\n\t\t\t\t\t\t<div class=\"elementor-container elementor-column-gap-default\">\n\t\t\t\t\t<div class=\"elementor-column elementor-col-50 elementor-top-column elementor-element elementor-element-770235a6\" data-id=\"770235a6\" data-element_type=\"column\" data-settings=\"{&quot;background_background&quot;:&quot;classic&quot;}\">\n\t\t\t<div class=\"elementor-widget-wrap elementor-element-populated\">\n\t\t\t\t\t\t\t\t<div class=\"elementor-element elementor-element-44d71663 elementor-widget elementor-widget-image\" data-id=\"44d71663\" data-element_type=\"widget\" data-widget_type=\"image.default\">\n\t\t\t\t<div class=\"elementor-widget-container\">\n\t\t\t\t\t\t\t\t\t\t\t\t\t\t\t<img src=\"https:\/\/new.hotelclairlune.fr\/wp-content\/uploads\/2021\/05\/page_mariage_evenement.png\" title=\"\" alt=\"\" \/>\t\t\t\t\t\t\t\t\t\t\t\t\t\t\t<\/div>\n\t\t\t\t<\/div>\n\t\t\t\t\t<\/div>\n\t\t<\/div>\n\t\t\t\t<div class=\"elementor-column elementor-col-50 elementor-top-column elementor-element elementor-element-515ab64f\" data-id=\"515ab64f\" data-element_type=\"column\" data-settings=\"{&quot;background_background&quot;:&quot;classic&quot;}\">\n\t\t\t<div class=\"elementor-widget-wrap elementor-element-populated\">\n\t\t\t\t\t\t\t\t<div class=\"elementor-element elementor-element-18c9a6dc elementor-widget elementor-widget-heading\" data-id=\"18c9a6dc\" data-element_type=\"widget\" data-widget_type=\"heading.default\">\n\t\t\t\t<div class=\"elementor-widget-container\">\n\t\t\t<h2 class=\"elementor-heading-title elementor-size-default\">Eventos<\/h2>\t\t<\/div>\n\t\t\t\t<\/div>\n\t\t\t\t<div class=\"elementor-element elementor-element-18b93a46 elementor-widget-divider--view-line elementor-widget elementor-widget-divider\" data-id=\"18b93a46\" data-element_type=\"widget\" data-widget_type=\"divider.default\">\n\t\t\t\t<div class=\"elementor-widget-container\">\n\t\t\t\t\t<div class=\"elementor-divider\">\n\t\t\t<span class=\"elementor-divider-separator\">\n\t\t\t\t\t\t<\/span>\n\t\t<\/div>\n\t\t\t\t<\/div>\n\t\t\t\t<\/div>\n\t\t\t\t<div class=\"elementor-element elementor-element-3e3af396 elementor-widget elementor-widget-text-editor\" data-id=\"3e3af396\" data-element_type=\"widget\" data-widget_type=\"text-editor.default\">\n\t\t\t\t<div class=\"elementor-widget-container\">\n\t\t\t\t\t\t\t\t<p>Notre \u00e9quipe est \u00e0 votre disposition pour vous \u00e9tablir une offre sur mesure. La diversit\u00e9 de notre propri\u00e9t\u00e9 et de nos installations permettent d\u2019accueillir des \u00e9v\u00e9nements adapt\u00e9s \u00e0 chaque demande\u00a0:<\/p><ul><li>anniversaires,<\/li><li>diners de gala,<\/li><li>bar mitzvah,<\/li><li>lancements de produits,<\/li><li>showroom,<\/li><li>etc.<\/li><\/ul>\t\t\t\t\t\t<\/div>\n\t\t\t\t<\/div>\n\t\t\t\t<div class=\"elementor-element elementor-element-1d34859 elementor-align-center elementor-widget elementor-widget-button\" data-id=\"1d34859\" data-element_type=\"widget\" data-widget_type=\"button.default\">\n\t\t\t\t<div class=\"elementor-widget-container\">\n\t\t\t\t\t<div class=\"elementor-button-wrapper\">\n\t\t\t<a href=\"mailto:event@hotelclairlune.com\" class=\"elementor-button-link elementor-button elementor-size-xs\" role=\"button\">\n\t\t\t\t\t\t<span class=\"elementor-button-content-wrapper\">\n\t\t\t\t\t\t<span class=\"elementor-button-text\">Demandez un devis gratuit<\/span>\n\t\t<\/span>\n\t\t\t\t\t<\/a>\n\t\t<\/div>\n\t\t\t\t<\/div>\n\t\t\t\t<\/div>\n\t\t\t\t\t<\/div>\n\t\t<\/div>\n\t\t\t\t\t\t\t<\/div>\n\t\t<\/section>\n\t\t\t\t\t\t<\/div>\n\t\t\t\t\t<\/div>\n\t\t","protected":false},"excerpt":{"rendered":"<p>Bodas Desde Septiembre del 2012, organizamos bodas dentro de nuestro hotel. \u00a0 Descripci\u00f3n de nuestro nuevo espacio de recepci\u00f3n \u00ab C\u00f4t\u00e9 Terre \u00bb: Un espacio de 350 m\u00b2 incluyendo una zona para el catering, aseos Caballeros\/Damas, un guardarropa. La superficie de la sala es de 230 m\u00b2 con una capacidad de 180 personas sentadas (posibilidad&#8230; <\/p>\n<div class=\"clear\"><\/div>\n<p><a href=\"https:\/\/www.hotelclairlune.fr\/es\/mariages\/\" class=\"excerpt-read-more\">Continue Reading<i class=\"fa fa-long-arrow-right icon-long-arrow-right\"><\/i><\/a><\/p>\n","protected":false},"author":1,"featured_media":0,"parent":0,"menu_order":0,"comment_status":"closed","ping_status":"closed","template":"","meta":[],"_links":{"self":[{"href":"https:\/\/www.hotelclairlune.fr\/es\/wp-json\/wp\/v2\/pages\/907"}],"collection":[{"href":"https:\/\/www.hotelclairlune.fr\/es\/wp-json\/wp\/v2\/pages"}],"about":[{"href":"https:\/\/www.hotelclairlune.fr\/es\/wp-json\/wp\/v2\/types\/page"}],"author":[{"embeddable":true,"href":"https:\/\/www.hotelclairlune.fr\/es\/wp-json\/wp\/v2\/users\/1"}],"replies":[{"embeddable":true,"href":"https:\/\/www.hotelclairlune.fr\/es\/wp-json\/wp\/v2\/comments?post=907"}],"version-history":[{"count":10,"href":"https:\/\/www.hotelclairlune.fr\/es\/wp-json\/wp\/v2\/pages\/907\/revisions"}],"predecessor-version":[{"id":2841,"href":"https:\/\/www.hotelclairlune.fr\/es\/wp-json\/wp\/v2\/pages\/907\/revisions\/2841"}],"wp:attachment":[{"href":"https:\/\/www.hotelclairlune.fr\/es\/wp-json\/wp\/v2\/media?parent=907"}],"curies":[{"name":"wp","href":"https:\/\/api.w.org\/{rel}","templated":true}]}}