{"id":909,"date":"2016-02-09T16:40:14","date_gmt":"2016-02-09T15:40:14","guid":{"rendered":"http:\/\/chateauduclairdelune.bluelogic.fr\/es\/activites\/"},"modified":"2021-07-06T12:38:37","modified_gmt":"2021-07-06T11:38:37","slug":"activites","status":"publish","type":"page","link":"https:\/\/www.hotelclairlune.fr\/es\/activites\/","title":{"rendered":"Actividades"},"content":{"rendered":"\t\t<div data-elementor-type=\"wp-page\" data-elementor-id=\"909\" class=\"elementor elementor-909 elementor-613\" data-elementor-settings=\"[]\">\n\t\t\t\t\t\t\t<div class=\"elementor-section-wrap\">\n\t\t\t\t\t\t\t<section class=\"elementor-section elementor-top-section elementor-element elementor-element-6716ff43 elementor-section-boxed elementor-section-height-default elementor-section-height-default\" data-id=\"6716ff43\" data-element_type=\"section\">\n\t\t\t\t\t\t<div class=\"elementor-container elementor-column-gap-default\">\n\t\t\t\t\t<div class=\"elementor-column elementor-col-100 elementor-top-column elementor-element elementor-element-75d6d174\" data-id=\"75d6d174\" data-element_type=\"column\">\n\t\t\t<div class=\"elementor-widget-wrap elementor-element-populated\">\n\t\t\t\t\t\t\t\t<div class=\"elementor-element elementor-element-2d95761 elementor-widget elementor-widget-heading\" data-id=\"2d95761\" data-element_type=\"widget\" data-widget_type=\"heading.default\">\n\t\t\t\t<div class=\"elementor-widget-container\">\n\t\t\t<h2 class=\"elementor-heading-title elementor-size-default\">Sports<\/h2>\t\t<\/div>\n\t\t\t\t<\/div>\n\t\t\t\t<div class=\"elementor-element elementor-element-ad52d6f elementor-widget-divider--view-line elementor-widget elementor-widget-divider\" data-id=\"ad52d6f\" data-element_type=\"widget\" data-widget_type=\"divider.default\">\n\t\t\t\t<div class=\"elementor-widget-container\">\n\t\t\t\t\t<div class=\"elementor-divider\">\n\t\t\t<span class=\"elementor-divider-separator\">\n\t\t\t\t\t\t<\/span>\n\t\t<\/div>\n\t\t\t\t<\/div>\n\t\t\t\t<\/div>\n\t\t\t\t<div class=\"elementor-element elementor-element-62596805 elementor-widget elementor-widget-text-editor\" data-id=\"62596805\" data-element_type=\"widget\" data-widget_type=\"text-editor.default\">\n\t\t\t\t<div class=\"elementor-widget-container\">\n\t\t\t\t\t\t\t\t<p>Le Ch\u00e2teau du Clair de Lune est le lieu id\u00e9al pour allier activit\u00e9 sportive et ressourcement total.<\/p>\t\t\t\t\t\t<\/div>\n\t\t\t\t<\/div>\n\t\t\t\t\t<\/div>\n\t\t<\/div>\n\t\t\t\t\t\t\t<\/div>\n\t\t<\/section>\n\t\t\t\t<section class=\"elementor-section elementor-top-section elementor-element elementor-element-5839bdbf elementor-section-boxed elementor-section-height-default elementor-section-height-default\" data-id=\"5839bdbf\" data-element_type=\"section\">\n\t\t\t\t\t\t<div class=\"elementor-container elementor-column-gap-default\">\n\t\t\t\t\t<div class=\"elementor-column elementor-col-50 elementor-top-column elementor-element elementor-element-1fedb32e\" data-id=\"1fedb32e\" data-element_type=\"column\">\n\t\t\t<div class=\"elementor-widget-wrap elementor-element-populated\">\n\t\t\t\t\t\t\t\t<div class=\"elementor-element elementor-element-1adbc6d3 elementor-position-top elementor-vertical-align-top elementor-widget elementor-widget-image-box\" data-id=\"1adbc6d3\" data-element_type=\"widget\" data-widget_type=\"image-box.default\">\n\t\t\t\t<div class=\"elementor-widget-container\">\n\t\t\t<div class=\"elementor-image-box-wrapper\"><figure class=\"elementor-image-box-img\"><img width=\"350\" height=\"233\" src=\"https:\/\/www.hotelclairlune.fr\/wp-content\/uploads\/2021\/05\/sport1.jpeg\" class=\"attachment-full size-full\" alt=\"\" loading=\"lazy\" srcset=\"https:\/\/www.hotelclairlune.fr\/wp-content\/uploads\/2021\/05\/sport1.jpeg 350w, https:\/\/www.hotelclairlune.fr\/wp-content\/uploads\/2021\/05\/sport1-300x200.jpeg 300w\" sizes=\"(max-width: 350px) 100vw, 350px\" \/><\/figure><div class=\"elementor-image-box-content\"><h4 class=\"elementor-image-box-title\">Le Surf et les plages de la c\u00f4te basque<\/h4><p class=\"elementor-image-box-description\">L\u2019h\u00f4tel se situe \u00e0 3km des premiers plages de la c\u00f4te basque. Le surf est un sport qui exige de la m\u00e9thode et n\u00e9cessite un entra\u00eenement au pr\u00e9alable. Pour s\u2019initier et d\u00e9couvrir les gestes qui vous permettront de tenir sur votre planche, prenez quelques cours dans une \u00e9cole de surf. Nous travaillons avec plusieurs professeurs qui vous donneront les fondamentaux.<\/p><\/div><\/div>\t\t<\/div>\n\t\t\t\t<\/div>\n\t\t\t\t\t<\/div>\n\t\t<\/div>\n\t\t\t\t<div class=\"elementor-column elementor-col-50 elementor-top-column elementor-element elementor-element-4ef97f95\" data-id=\"4ef97f95\" data-element_type=\"column\">\n\t\t\t<div class=\"elementor-widget-wrap elementor-element-populated\">\n\t\t\t\t\t\t\t\t<div class=\"elementor-element elementor-element-b660e0a elementor-position-top elementor-vertical-align-top elementor-widget elementor-widget-image-box\" data-id=\"b660e0a\" data-element_type=\"widget\" data-widget_type=\"image-box.default\">\n\t\t\t\t<div class=\"elementor-widget-container\">\n\t\t\t<div class=\"elementor-image-box-wrapper\"><figure class=\"elementor-image-box-img\"><img width=\"350\" height=\"233\" src=\"https:\/\/www.hotelclairlune.fr\/wp-content\/uploads\/2021\/05\/sport2.jpeg\" class=\"attachment-full size-full\" alt=\"\" loading=\"lazy\" srcset=\"https:\/\/www.hotelclairlune.fr\/wp-content\/uploads\/2021\/05\/sport2.jpeg 350w, https:\/\/www.hotelclairlune.fr\/wp-content\/uploads\/2021\/05\/sport2-300x200.jpeg 300w\" sizes=\"(max-width: 350px) 100vw, 350px\" \/><\/figure><div class=\"elementor-image-box-content\"><h4 class=\"elementor-image-box-title\">La pelote basque<\/h4><p class=\"elementor-image-box-description\">La Pelote Basque plus qu\u2019un sport et un jeu, v\u00e9ritable culture au Pays Basque. Nous vous proposons de vous initier \u00e0 cette pratique en tout s\u00e9curit\u00e9 accompagn\u00e9 d\u2019un professeur. Egalement, nous accueillons \u00e0 Biarritz les championnats du monde de Cesta Punta, peut-\u00eatre l\u2019occasion pour vous d\u2019assister \u00e0 une repr\u00e9sentation.<\/p><\/div><\/div>\t\t<\/div>\n\t\t\t\t<\/div>\n\t\t\t\t\t<\/div>\n\t\t<\/div>\n\t\t\t\t\t\t\t<\/div>\n\t\t<\/section>\n\t\t\t\t<section class=\"elementor-section elementor-top-section elementor-element elementor-element-4d3be56f elementor-section-boxed elementor-section-height-default elementor-section-height-default\" data-id=\"4d3be56f\" data-element_type=\"section\">\n\t\t\t\t\t\t<div class=\"elementor-container elementor-column-gap-default\">\n\t\t\t\t\t<div class=\"elementor-column elementor-col-50 elementor-top-column elementor-element elementor-element-2005a171\" data-id=\"2005a171\" data-element_type=\"column\">\n\t\t\t<div class=\"elementor-widget-wrap elementor-element-populated\">\n\t\t\t\t\t\t\t\t<div class=\"elementor-element elementor-element-577e3064 elementor-position-top elementor-vertical-align-top elementor-widget elementor-widget-image-box\" data-id=\"577e3064\" data-element_type=\"widget\" data-widget_type=\"image-box.default\">\n\t\t\t\t<div class=\"elementor-widget-container\">\n\t\t\t<div class=\"elementor-image-box-wrapper\"><figure class=\"elementor-image-box-img\"><img width=\"350\" height=\"233\" src=\"https:\/\/www.hotelclairlune.fr\/wp-content\/uploads\/2021\/05\/sport3.jpeg\" class=\"attachment-full size-full\" alt=\"\" loading=\"lazy\" srcset=\"https:\/\/www.hotelclairlune.fr\/wp-content\/uploads\/2021\/05\/sport3.jpeg 350w, https:\/\/www.hotelclairlune.fr\/wp-content\/uploads\/2021\/05\/sport3-300x200.jpeg 300w\" sizes=\"(max-width: 350px) 100vw, 350px\" \/><\/figure><div class=\"elementor-image-box-content\"><h4 class=\"elementor-image-box-title\">Les golfs<\/h4><p class=\"elementor-image-box-description\">Entre pins et oc\u00e9an, partez \u00e0 la d\u00e9couverte des plus prestigieux golfs du Pays Basque et du Sud des Landes, le Golf de Seignosse, le Golf de Moliets, le Golf de Biarritz le Phare, le Golf de Chiberta et le Golf d\u2019Arcangues. Plus d\u2019une dizaine de golfs sont \u00e0 15 minutes de notre h\u00f4tel en voiture.\nNous disposons de tarifs n\u00e9goci\u00e9s avec tous les golfs de la r\u00e9gion, ainsi afin de vous en faire b\u00e9n\u00e9ficier durant votre s\u00e9jour, contactez la r\u00e9ception de l\u2019h\u00f4tel.<\/p><\/div><\/div>\t\t<\/div>\n\t\t\t\t<\/div>\n\t\t\t\t\t<\/div>\n\t\t<\/div>\n\t\t\t\t<div class=\"elementor-column elementor-col-50 elementor-top-column elementor-element elementor-element-141bb816\" data-id=\"141bb816\" data-element_type=\"column\">\n\t\t\t<div class=\"elementor-widget-wrap elementor-element-populated\">\n\t\t\t\t\t\t\t\t<div class=\"elementor-element elementor-element-6e67c27 elementor-position-top elementor-vertical-align-top elementor-widget elementor-widget-image-box\" data-id=\"6e67c27\" data-element_type=\"widget\" data-widget_type=\"image-box.default\">\n\t\t\t\t<div class=\"elementor-widget-container\">\n\t\t\t<div class=\"elementor-image-box-wrapper\"><figure class=\"elementor-image-box-img\"><img width=\"350\" height=\"233\" src=\"https:\/\/www.hotelclairlune.fr\/wp-content\/uploads\/2021\/05\/sport4.jpeg\" class=\"attachment-full size-full\" alt=\"\" loading=\"lazy\" srcset=\"https:\/\/www.hotelclairlune.fr\/wp-content\/uploads\/2021\/05\/sport4.jpeg 350w, https:\/\/www.hotelclairlune.fr\/wp-content\/uploads\/2021\/05\/sport4-300x200.jpeg 300w\" sizes=\"(max-width: 350px) 100vw, 350px\" \/><\/figure><div class=\"elementor-image-box-content\"><h4 class=\"elementor-image-box-title\">Excursions et randonn\u00e9e p\u00e9destre<\/h4><p class=\"elementor-image-box-description\">Le Pays Basque est un territoire r\u00eav\u00e9 pour les marcheurs, quel que soit leur niveau. Notre \u00e9quipe de r\u00e9ception connait le pays basque sur le bout des doigts et vous conseillerons des balades et randonn\u00e9es adapt\u00e9es.<\/p><\/div><\/div>\t\t<\/div>\n\t\t\t\t<\/div>\n\t\t\t\t\t<\/div>\n\t\t<\/div>\n\t\t\t\t\t\t\t<\/div>\n\t\t<\/section>\n\t\t\t\t<section class=\"elementor-section elementor-top-section elementor-element elementor-element-35d22f3c elementor-section-boxed elementor-section-height-default elementor-section-height-default\" data-id=\"35d22f3c\" data-element_type=\"section\">\n\t\t\t\t\t\t<div class=\"elementor-container elementor-column-gap-default\">\n\t\t\t\t\t<div class=\"elementor-column elementor-col-100 elementor-top-column elementor-element elementor-element-7c2b4315\" data-id=\"7c2b4315\" data-element_type=\"column\">\n\t\t\t<div class=\"elementor-widget-wrap elementor-element-populated\">\n\t\t\t\t\t\t\t\t<div class=\"elementor-element elementor-element-38648856 elementor-widget elementor-widget-text-editor\" data-id=\"38648856\" data-element_type=\"widget\" data-widget_type=\"text-editor.default\">\n\t\t\t\t<div class=\"elementor-widget-container\">\n\t\t\t\t\t\t\t\t<p>R\u00e9servations et informations sur diverses activit\u00e9s : mus\u00e9es, \u00e9quitation, corrida, balades et circuits, match de rugby, r\u00e9servation de restaurants, etc.<\/p><p><strong>Pour tout renseignement ou r\u00e9servation, veuillez nous contacter directement \u00e0 :<\/strong><br \/><a href=\"mailto:reception@hotelclairlune.com\">reception@hotelclairlune.com<\/a>\u00a0ou par t\u00e9l\u00e9phone au +33 (0)5 59 41 53 20<\/p>\t\t\t\t\t\t<\/div>\n\t\t\t\t<\/div>\n\t\t\t\t\t<\/div>\n\t\t<\/div>\n\t\t\t\t\t\t\t<\/div>\n\t\t<\/section>\n\t\t\t\t<section class=\"elementor-section elementor-top-section elementor-element elementor-element-551c2751 elementor-section-boxed elementor-section-height-default elementor-section-height-default\" data-id=\"551c2751\" data-element_type=\"section\">\n\t\t\t\t\t\t<div class=\"elementor-container elementor-column-gap-default\">\n\t\t\t\t\t<div class=\"elementor-column elementor-col-100 elementor-top-column elementor-element elementor-element-75beba90\" data-id=\"75beba90\" data-element_type=\"column\">\n\t\t\t<div class=\"elementor-widget-wrap elementor-element-populated\">\n\t\t\t\t\t\t\t\t<div class=\"elementor-element elementor-element-fcebe28 elementor-widget elementor-widget-heading\" data-id=\"fcebe28\" data-element_type=\"widget\" data-widget_type=\"heading.default\">\n\t\t\t\t<div class=\"elementor-widget-container\">\n\t\t\t<h2 class=\"elementor-heading-title elementor-size-default\">Activit\u00e9s culturelles & sorties<\/h2>\t\t<\/div>\n\t\t\t\t<\/div>\n\t\t\t\t<div class=\"elementor-element elementor-element-93af664 elementor-widget-divider--view-line elementor-widget elementor-widget-divider\" data-id=\"93af664\" data-element_type=\"widget\" data-widget_type=\"divider.default\">\n\t\t\t\t<div class=\"elementor-widget-container\">\n\t\t\t\t\t<div class=\"elementor-divider\">\n\t\t\t<span class=\"elementor-divider-separator\">\n\t\t\t\t\t\t<\/span>\n\t\t<\/div>\n\t\t\t\t<\/div>\n\t\t\t\t<\/div>\n\t\t\t\t<div class=\"elementor-element elementor-element-396981c6 elementor-widget elementor-widget-text-editor\" data-id=\"396981c6\" data-element_type=\"widget\" data-widget_type=\"text-editor.default\">\n\t\t\t\t<div class=\"elementor-widget-container\">\n\t\t\t\t\t\t\t\t<p>Afin de pr\u00e9parer au mieux votre s\u00e9jour, nous vous conseillons les sites internet suivants qui vous donnerons l\u2019actualit\u00e9 du moment et les agendas des \u00e9venements \u00e0 suivre sur la r\u00e9gion Pays Basque : spectacles, festivals, soir\u00e9es, animations musicales, expositions\u2026<\/p><ul><li><a href=\"http:\/\/www.cote-sorties.com\/\" target=\"_blank\" rel=\"noopener\">C\u00f4t\u00e9 Sorties<\/a><\/li><li><a href=\"http:\/\/tourisme.biarritz.fr\/\" target=\"_blank\" rel=\"noopener\">Mairie de Biarritz<\/a><\/li><\/ul><h3>Liens utiles :<\/h3><ul><li><a href=\"http:\/\/www.rhune.com\/fr\/index.aspx\" target=\"_blank\" rel=\"noopener\">Petit train de la Rhune\u00a0\u00e0 Sare<\/a><\/li><li><a href=\"http:\/\/www.grottesdesare.fr\/\" target=\"_blank\" rel=\"noopener\">Les grottes de Sare<\/a><\/li><li><a href=\"http:\/\/www.musee-basque.com\/\" target=\"_blank\" rel=\"noopener\">Mus\u00e9e Basque \u00e0 Bayonne<\/a><\/li><li><a href=\"http:\/\/www.planetemuseeduchocolat.com\/\" target=\"_blank\" rel=\"noopener\">Mus\u00e9e du chocolat \u00e0 Biarritz<\/a><\/li><li><a href=\"http:\/\/www.aquariumbiarritz.com\/fr\/\" target=\"_blank\" rel=\"noopener\">Mus\u00e9e de la Mer \u00e0 Biarritz<\/a><\/li><li><a href=\"http:\/\/malandainballet.com\/\" target=\"_blank\" rel=\"noopener\">Ballet Malandain de Biarritz<\/a><\/li><li><a href=\"http:\/\/www.arnaga.com\/\" target=\"_blank\" rel=\"noopener\">Villa Arnaga d\u2019Edmond Rostand \u00e0 Cambo-les-Bains<\/a><\/li><li><a href=\"http:\/\/www.chateau-abbadia.fr\/\" target=\"_blank\" rel=\"noopener\">Ch\u00e2teau d\u2019Abbadia \u00e0 Hendaye<\/a><\/li><li><a href=\"http:\/\/www.guggenheim-bilbao.es\/fr\" target=\"_blank\" rel=\"noopener\">Mus\u00e9e Guggenheim de Bilbao<\/a><\/li><\/ul>\t\t\t\t\t\t<\/div>\n\t\t\t\t<\/div>\n\t\t\t\t<div class=\"elementor-element elementor-element-1a98bc1e elementor-widget elementor-widget-spacer\" data-id=\"1a98bc1e\" data-element_type=\"widget\" data-widget_type=\"spacer.default\">\n\t\t\t\t<div class=\"elementor-widget-container\">\n\t\t\t\t\t<div class=\"elementor-spacer\">\n\t\t\t<div class=\"elementor-spacer-inner\"><\/div>\n\t\t<\/div>\n\t\t\t\t<\/div>\n\t\t\t\t<\/div>\n\t\t\t\t\t<\/div>\n\t\t<\/div>\n\t\t\t\t\t\t\t<\/div>\n\t\t<\/section>\n\t\t\t\t\t\t<\/div>\n\t\t\t\t\t<\/div>\n\t\t","protected":false},"excerpt":{"rendered":"<p>Sports Le Ch\u00e2teau du Clair de Lune est le lieu id\u00e9al pour allier activit\u00e9 sportive et ressourcement total. Le Surf et les plages de la c\u00f4te basque L\u2019h\u00f4tel se situe \u00e0 3km des premiers plages de la c\u00f4te basque. Le surf est un sport qui exige de la m\u00e9thode et n\u00e9cessite un entra\u00eenement au pr\u00e9alable&#8230;. <\/p>\n<div class=\"clear\"><\/div>\n<p><a href=\"https:\/\/www.hotelclairlune.fr\/es\/activites\/\" class=\"excerpt-read-more\">Continue Reading<i class=\"fa fa-long-arrow-right icon-long-arrow-right\"><\/i><\/a><\/p>\n","protected":false},"author":1,"featured_media":0,"parent":0,"menu_order":0,"comment_status":"closed","ping_status":"closed","template":"","meta":[],"_links":{"self":[{"href":"https:\/\/www.hotelclairlune.fr\/es\/wp-json\/wp\/v2\/pages\/909"}],"collection":[{"href":"https:\/\/www.hotelclairlune.fr\/es\/wp-json\/wp\/v2\/pages"}],"about":[{"href":"https:\/\/www.hotelclairlune.fr\/es\/wp-json\/wp\/v2\/types\/page"}],"author":[{"embeddable":true,"href":"https:\/\/www.hotelclairlune.fr\/es\/wp-json\/wp\/v2\/users\/1"}],"replies":[{"embeddable":true,"href":"https:\/\/www.hotelclairlune.fr\/es\/wp-json\/wp\/v2\/comments?post=909"}],"version-history":[{"count":10,"href":"https:\/\/www.hotelclairlune.fr\/es\/wp-json\/wp\/v2\/pages\/909\/revisions"}],"predecessor-version":[{"id":2800,"href":"https:\/\/www.hotelclairlune.fr\/es\/wp-json\/wp\/v2\/pages\/909\/revisions\/2800"}],"wp:attachment":[{"href":"https:\/\/www.hotelclairlune.fr\/es\/wp-json\/wp\/v2\/media?parent=909"}],"curies":[{"name":"wp","href":"https:\/\/api.w.org\/{rel}","templated":true}]}}